{"id":5703,"date":"2024-02-08T16:51:19","date_gmt":"2024-02-08T19:51:19","guid":{"rendered":"https:\/\/extrimian.io\/?page_id=5703"},"modified":"2024-02-08T18:53:32","modified_gmt":"2024-02-08T21:53:32","slug":"identificadores-descentralizados-dids","status":"publish","type":"page","link":"https:\/\/extrimian.io\/es\/wikis\/identificadores-descentralizados-dids\/","title":{"rendered":"Identificadores descentralizados (DID)"},"content":{"rendered":"\n<h2 class=\"wp-block-heading\">Norma del W3C para identificadores SSI<\/h2>\n\n<p>Los <strong>identificadores descentralizados (DID <\/strong>) son un concepto fundacional en el mundo de la identidad digital, ya que proporcionan un medio para la gesti\u00f3n de identidades autosuficiente, segura y descentralizada. Los DID permiten a individuos, organizaciones y dispositivos crear identificadores \u00fanicos y de resoluci\u00f3n global sin depender de autoridades centrales o intermediarios. Esta p\u00e1gina wiki ofrece una exploraci\u00f3n en profundidad de los DID, sus fundamentos t\u00e9cnicos, conceptos b\u00e1sicos y su importancia en el panorama de la identidad digital, centr\u00e1ndose en c\u00f3mo Extrimian incorpora los DID en sus soluciones.<\/p>\n\n<h2 class=\"wp-block-heading\">Aspectos t\u00e9cnicos de un identificador descentralizado<\/h2>\n\n<h3 class=\"wp-block-heading\">\u00bfQu\u00e9 son los DID?<\/h3>\n\n<p>Los DID son una nueva clase de identificadores dise\u00f1ados para dar a los usuarios pleno control sobre sus identidades digitales. Son cadenas \u00fanicas, persistentes y verificables criptogr\u00e1ficamente que no est\u00e1n vinculadas a ninguna entidad central. Los DID sirven de base para construir sistemas de identidad autosuficientes al proporcionar una forma de referenciar y autenticar entidades de forma descentralizada.<\/p>\n\n<p><strong>M\u00e9todos DID<\/strong><\/p>\n\n<p>Los m\u00e9todos DID definen c\u00f3mo se crean, resuelven y gestionan los DID dentro de redes descentralizadas espec\u00edficas o ecosistemas blockchain. Cada m\u00e9todo DID est\u00e1 asociado a una red concreta, como Ethereum, Sovrin o Hyperledger Indy. Estos m\u00e9todos establecen las normas y procedimientos para crear e interactuar con los DID dentro de sus respectivos ecosistemas.<\/p>\n\n<p><strong>Documentos DID<\/strong><\/p>\n\n<p>Los documentos DID son componentes esenciales de los DID, ya que contienen metadatos clave y material criptogr\u00e1fico. Describen c\u00f3mo comunicarse con la entidad asociada al DID y pueden incluir claves p\u00fablicas, puntos finales de servicio y m\u00e9todos de verificaci\u00f3n. Los documentos DID se publican en libros de contabilidad distribuidos o sistemas de almacenamiento de acceso p\u00fablico.<\/p>\n\n<h2 class=\"wp-block-heading\">Anatom\u00eda de un DID<\/h2>\n\n<h3 class=\"wp-block-heading\">M\u00e9todo DID:  <\/h3>\n\n<p>El m\u00e9todo DID es el prefijo que especifica c\u00f3mo se gestiona y resuelve el DID. Cada m\u00e9todo DID define sus reglas y mecanismos de creaci\u00f3n, resoluci\u00f3n y actualizaci\u00f3n de DID. Por ejemplo, el m\u00e9todo DID \u00abdid<strong>:ethr<\/strong>\u00bb se utiliza para <strong>los DID basados en Ethereum<\/strong>, mientras que<strong>\u00abdid:sov<\/strong>\u00bb se asocia a la <strong>red Sovrin<\/strong>.<\/p>\n\n<p>Example: <strong>did:ethr:0x5f8Ff2f03d389c1D83d0b7B50784e4747Df28a7c<\/strong><\/p>\n\n<h3 class=\"wp-block-heading\">Identificador espec\u00edfico del m\u00e9todo DID:  <\/h3>\n\n<p>Este identificador \u00fanico se genera seg\u00fan las reglas del m\u00e9todo DID elegido. Normalmente representa a una entidad o sujeto dentro de una red descentralizada espec\u00edfica o blockchain.<\/p>\n\n<p>Example:<strong> 0x5f8Ff2f03d389c1D83d0b7B50784e4747Df28a7c<\/strong><\/p>\n\n<h3 class=\"wp-block-heading\">Fragmento de identificador espec\u00edfico del m\u00e9todo DID (opcional):  <\/h3>\n\n<p>Algunos m\u00e9todos de DID admiten fragmentos adicionales dentro del identificador, lo que permite un direccionamiento m\u00e1s preciso de los recursos o servicios asociados al DID.<\/p>\n\n<p>Ejemplo (con fragmento): <strong>0x5f8Ff2f03d389c1D83d0b7B50784e4747Df28a7c#profile<\/strong><\/p>\n\n<h2 class=\"wp-block-heading\">Documento DID<\/h2>\n\n<p>Un documento DID es una representaci\u00f3n JSON-LD (JSON for Linked Data) que proporciona informaci\u00f3n esencial sobre un DID y su entidad asociada.  <strong>Este documento suele incluir:<\/strong><\/p>\n\n<ul class=\"wp-block-list\">\n<li><strong>Contexto:<\/strong> El contexto proporciona informaci\u00f3n sobre los espacios de nombres y los t\u00e9rminos utilizados en el documento, lo que facilita la interoperabilidad sem\u00e1ntica.<\/li>\n<\/ul>\n\n<ul class=\"wp-block-list\">\n<li><strong>ID:<\/strong> El campo ID especifica el DID al que pertenece el documento.<\/li>\n<\/ul>\n\n<ul class=\"wp-block-list\">\n<li><strong>Claves p\u00fablicas: <\/strong>Claves p\u00fablicas asociadas al DID con fines criptogr\u00e1ficos, como la autenticaci\u00f3n y la verificaci\u00f3n de firmas.<\/li>\n<\/ul>\n\n<ul class=\"wp-block-list\">\n<li><strong>M\u00e9todos de autenticaci\u00f3n:<\/strong> Especifica los m\u00e9todos o mecanismos utilizados para la autenticaci\u00f3n, incluidas las claves p\u00fablicas que se pueden utilizar para la autenticaci\u00f3n.<\/li>\n<\/ul>\n\n<ul class=\"wp-block-list\">\n<li><strong>Puntos finales de servicio:<\/strong> Los puntos finales de servicio definen c\u00f3mo interactuar con la entidad asociada al DID. Pueden incluir URL para la comunicaci\u00f3n o el descubrimiento de servicios.<\/li>\n<\/ul>\n\n<h2 class=\"wp-block-heading\">He aqu\u00ed un ejemplo de documento DID simplificado:<\/h2>\n\n<figure class=\"wp-block-image\"><img decoding=\"async\" src=\"https:\/\/lh7-us.googleusercontent.com\/Zv3OiXOJVsuBg_zAWs8yb58ZyMuo6KFDfx4G6UDcYvQQOm0lkWG2p_cDGBhp5jskbwKPDfJuSRDMLURiseFseCQGMNhmo6jo0yXK8VxiIFjfsvLYH1L4OnmwCOzo6IZixY0RbTD03IjU16h8tWkg7ag\" alt=\"\"\/><\/figure>\n\n<h3 class=\"wp-block-heading\">M\u00e9todos DID e integraci\u00f3n de Blockchain<\/h3>\n\n<p>Los m\u00e9todos DID desempe\u00f1an un papel fundamental en la integraci\u00f3n de los DID con redes blockchain espec\u00edficas. Estos m\u00e9todos definen c\u00f3mo se crean, resuelven y gestionan los DID dentro de sus ecosistemas. Por ejemplo, el m\u00e9todo \u00abdid:ethr\u00bb se utiliza para los DID basados en Ethereum y aprovecha los contratos inteligentes de Ethereum para la gesti\u00f3n de DID.<\/p>\n\n<h3 class=\"wp-block-heading\">Resoluci\u00f3n DID<\/h3>\n\n<p>La resoluci\u00f3n de DID es el proceso de transformaci\u00f3n de un DID en un Documento DID, que permite a los clientes recuperar informaci\u00f3n sobre la entidad asociada. Suele implicar la consulta de un libro mayor descentralizado o la resoluci\u00f3n de puntos finales de servicio especificados en el Documento DID.<\/p>\n\n<h2 class=\"wp-block-heading\">Conceptos b\u00e1sicos<\/h2>\n\n<p><strong>Descentralizaci\u00f3n<\/strong><\/p>\n\n<p>El principio fundamental de los DID es la descentralizaci\u00f3n. A diferencia de los sistemas de identidad tradicionales, que dependen de autoridades centrales, los DID eliminan la necesidad de intermediarios al permitir a las entidades crear y gestionar sus identificadores de forma aut\u00f3noma. Esta descentralizaci\u00f3n garantiza la seguridad, la privacidad y la resistencia en el espacio de la identidad digital.<\/p>\n\n<h3 class=\"wp-block-heading\">Control de usuarios<\/h3>\n\n<p>Los DID ponen el control en manos del propietario de la identidad. Las personas y entidades tienen plena autoridad para crear, actualizar y gestionar sus DID y datos asociados. Este enfoque centrado en el usuario se ajusta al concepto de identidad autosuficiente, que permite a los usuarios determinar c\u00f3mo se utiliza su identidad.<\/p>\n\n<h2 class=\"wp-block-heading\">Las capas DID<\/h2>\n\n<figure class=\"wp-block-image aligncenter\"><img decoding=\"async\" src=\"https:\/\/lh7-us.googleusercontent.com\/upocAwc9wc1vIGtpSbABXtktOrvgU0SKZQmtICZduCB7FZo6DBuf09SYbwwMb20QcePyy6nj4jb8k3lIVE-Rt8JjQe8hVrSwrOqScc30isaMrNYd8NbDcSaxzdXyTPIaewbMO28RmIVvwQi4LsutZfU\" alt=\"\"\/><\/figure>\n\n<h2 class=\"wp-block-heading\">Utilizaci\u00f3n de los DID por Extrimian<\/h2>\n\n<p>Extrimian reconoce el potencial transformador de los DID en el \u00e1mbito de la identidad digital. Al incorporar los DID a sus soluciones, Extrimian ofrece a los usuarios un mayor control, privacidad y seguridad sobre sus personajes digitales. Los DID son un componente esencial del compromiso de Extrimian con la gesti\u00f3n descentralizada de identidades y su visi\u00f3n de dotar a individuos y organizaciones de capacidades de identidad aut\u00f3noma.<\/p>\n\n<h2 class=\"wp-block-heading\">Fuentes y referencias<\/h2>\n\n<p>Para m\u00e1s informaci\u00f3n t\u00e9cnica y recursos sobre los Identificadores Descentralizados (DID), puede consultar las siguientes fuentes:<\/p>\n\n<ul class=\"wp-block-list\">\n<li><strong><a href=\"https:\/\/www.w3.org\/TR\/did-core\/\" target=\"_blank\" rel=\"noopener nofollow\" title=\"\">Especificaci\u00f3n de identificadores descentralizados (DID) del W3C<\/a><\/strong><\/li>\n\n\n\n<li><a href=\"https:\/\/www.w3.org\/TR\/did-primer\/\" target=\"_blank\" rel=\"noopener nofollow\" title=\"\"><strong>Manual del Identificador Descentralizado (DID)<\/strong><\/a><\/li>\n\n\n\n<li><strong><a href=\"https:\/\/identity.foundation\/\" target=\"_blank\" rel=\"noopener nofollow\" title=\"\">Fundaci\u00f3n para la Identidad Descentralizada (DIF)<\/a><\/strong><\/li>\n<\/ul>\n\n<p>Los DID representan un avance significativo en la identidad digital, ya que ofrecen un enfoque de la gesti\u00f3n de identidad centrado en el usuario, seguro y descentralizado. Extrimian se enorgullece de estar a la vanguardia del aprovechamiento de los DID para dar forma al futuro de la gesti\u00f3n de identidades digitales.<\/p>\n\n<h2 class=\"wp-block-heading\">Conceptos relacionados<\/h2>\n\n<ul class=\"wp-block-list\">\n<li>Para obtener m\u00e1s informaci\u00f3n sobre las credenciales verificables (VC), que pueden asociarse a los DID para reclamaciones y atestaciones de identidad, visite la wiki <strong>\n  <a href=\"https:\/\/extrimian.io\/es\/credenciales-verificables-vcs\/\" title=\"\">Wiki de credenciales verificables (VC)<\/a>\n<\/strong>.<\/li>\n\n\n\n<li>Las Zero Knowledge Proofs (ZKPs) son t\u00e9cnicas criptogr\u00e1ficas que desempe\u00f1an un papel crucial en la mejora de la privacidad y la seguridad dentro de los sistemas de identidad descentralizados. M\u00e1s informaci\u00f3n en la <strong><a href=\"https:\/\/extrimian.io\/es\/zero-knowledge-proof-zkp\/\" title=\"\">Wiki de Zero Knowledge Proofs (ZKPs)<\/a><\/strong>.<\/li>\n\n\n\n<li>La identidad autosuficiente (SSI) es el concepto general que incorpora los DID y otros componentes para dotar a las personas de control sobre sus identidades digitales. Explorar la <strong>\n  <a href=\"https:\/\/extrimian.io\/es\/identidad-auto-soberana-ssi\/\" title=\"\">Wiki de la Identidad Autosuficiente (ISS)<\/a>\n<\/strong> para profundizar en este concepto transformador.<\/li>\n<\/ul>\n\n<p>Los <strong>identificadores descentralizados (DID<\/strong> ) representan una innovaci\u00f3n t\u00e9cnica en la identidad digital, ofreciendo un enfoque centrado en el usuario, seguro y descentralizado de la gesti\u00f3n de identidades. Forman parte integral del compromiso de Extrimian de revolucionar las soluciones de identidad digital para una mayor capacitaci\u00f3n y seguridad de los usuarios.<\/p>\n","protected":false},"excerpt":{"rendered":"<p>Norma del W3C para identificadores SSI Los identificadores descentralizados (DID ) son un concepto fundacional en el mundo de la identidad digital, ya que proporcionan un medio para la gesti\u00f3n de identidades autosuficiente, segura y descentralizada. Los DID permiten a individuos, organizaciones y dispositivos crear identificadores \u00fanicos y de resoluci\u00f3n global sin depender de autoridades [&hellip;]<\/p>\n","protected":false},"author":2,"featured_media":5681,"parent":8757,"menu_order":0,"comment_status":"closed","ping_status":"closed","template":"","meta":{"_acf_changed":false,"footnotes":""},"class_list":["post-5703","page","type-page","status-publish","has-post-thumbnail","hentry"],"acf":[],"aioseo_notices":[],"_links":{"self":[{"href":"https:\/\/extrimian.io\/es\/wp-json\/wp\/v2\/pages\/5703","targetHints":{"allow":["GET"]}}],"collection":[{"href":"https:\/\/extrimian.io\/es\/wp-json\/wp\/v2\/pages"}],"about":[{"href":"https:\/\/extrimian.io\/es\/wp-json\/wp\/v2\/types\/page"}],"author":[{"embeddable":true,"href":"https:\/\/extrimian.io\/es\/wp-json\/wp\/v2\/users\/2"}],"replies":[{"embeddable":true,"href":"https:\/\/extrimian.io\/es\/wp-json\/wp\/v2\/comments?post=5703"}],"version-history":[{"count":0,"href":"https:\/\/extrimian.io\/es\/wp-json\/wp\/v2\/pages\/5703\/revisions"}],"up":[{"embeddable":true,"href":"https:\/\/extrimian.io\/es\/wp-json\/wp\/v2\/pages\/8757"}],"wp:featuredmedia":[{"embeddable":true,"href":"https:\/\/extrimian.io\/es\/wp-json\/wp\/v2\/media\/5681"}],"wp:attachment":[{"href":"https:\/\/extrimian.io\/es\/wp-json\/wp\/v2\/media?parent=5703"}],"curies":[{"name":"wp","href":"https:\/\/api.w.org\/{rel}","templated":true}]}}