{"id":5699,"date":"2024-02-08T16:51:22","date_gmt":"2024-02-08T19:51:22","guid":{"rendered":"https:\/\/extrimian.io\/?page_id=5699"},"modified":"2024-02-08T17:43:20","modified_gmt":"2024-02-08T20:43:20","slug":"credenciales-verificables-vcs","status":"publish","type":"page","link":"https:\/\/extrimian.io\/es\/wikis\/credenciales-verificables-vcs\/","title":{"rendered":"Credenciales verificables (VC)"},"content":{"rendered":"\n<h2 class=\"wp-block-heading\">Est\u00e1ndar SSI del W3C<\/h2>\n\n\n\n<p>Las <strong>credenciales verificables<\/strong> (VC) son un componente fundamental de los modernos sistemas de identidad digital, que revolucionan la forma en que las personas y las organizaciones comparten y verifican la informaci\u00f3n. Las credenciales digitales permiten la emisi\u00f3n, presentaci\u00f3n y verificaci\u00f3n de credenciales digitales de forma segura, interoperable y preservando la privacidad. Esta p\u00e1gina wiki proporciona una exploraci\u00f3n en profundidad de las Credenciales Verificables, sus complejidades t\u00e9cnicas, conceptos b\u00e1sicos y su papel fundamental en el panorama de la identidad digital. Adem\u00e1s, hablaremos de c\u00f3mo <strong>Extrimian<\/strong> aprovecha las VC en sus productos y soluciones para dotar a los usuarios de credenciales digitales seguras y fiables.<\/p>\n\n\n\n<h2 class=\"wp-block-heading\">Aspectos t\u00e9cnicos<\/h2>\n\n\n\n<h3 class=\"wp-block-heading\">\u00bfQu\u00e9 es una credencial verificable?<\/h3>\n\n\n\n<p>Las credenciales verificables son atestaciones, afirmaciones o declaraciones digitales realizadas por emisores sobre sujetos (individuos, entidades o dispositivos) que pueden verificarse criptogr\u00e1ficamente. Sirven para expresar una amplia gama de afirmaciones, como t\u00edtulos educativos, certificaciones profesionales, atributos de identidad, etc., en un formato digital. Los VC est\u00e1n dise\u00f1ados para que no se manipulen y mejoren la privacidad, permitiendo a los sujetos compartir s\u00f3lo la informaci\u00f3n necesaria sin revelar datos sensibles.<\/p>\n\n\n\n<figure class=\"wp-block-image aligncenter\"><img decoding=\"async\" src=\"https:\/\/lh7-us.googleusercontent.com\/eFQPP_X1v7clssZYAcFVOOES5JGCflLDC81aZg9jS9PQADoEjeSl_riyc8CfzpNmo8BMoXoOYRnerIofbw6mAhsrcflSezrPbNUCUGaPz7DYS3AEXxsojcjF4n8xnMKLxTXQoCOebkg8S8TFcf2UwYk\" alt=\"\"\/><\/figure>\n\n\n\n<h5 class=\"wp-block-heading\"><em>Credenciales verificables para un circuito de identidad digital descentralizado<\/em><\/h5>\n\n\n\n<h3 class=\"wp-block-heading\">Modelo de datos de la VC<\/h3>\n\n\n\n<p>La especificaci\u00f3n del modelo de datos de credenciales verificables del W3C define la estructura y la sem\u00e1ntica de las credenciales verificables. Incluye componentes esenciales como:<\/p>\n\n\n\n<ul class=\"wp-block-list\">\n<li><strong>Credencial:<\/strong> El bloque de construcci\u00f3n primario que representa un VC individual. Contiene declaraciones y metadatos sobre el sujeto y el emisor.<\/li>\n\n\n\n<li><strong>Emisor:<\/strong> La entidad que emite la credencial, firm\u00e1ndola digitalmente para demostrar su autenticidad.<\/li>\n\n\n\n<li><strong>Sujeto:<\/strong> La entidad sobre la que la credencial hace afirmaciones. Puede tratarse de una persona, una organizaci\u00f3n o un dispositivo.<\/li>\n\n\n\n<li><strong>Reclamaci\u00f3n: <\/strong>Declaraci\u00f3n o informaci\u00f3n espec\u00edfica que hace el emisor sobre el tema.<\/li>\n<\/ul>\n\n\n\n<h2 class=\"wp-block-heading\">Formato de credencial verificable<\/h2>\n\n\n\n<p>Las VC pueden expresarse en varios formatos, incluido JSON-LD (JSON for Linked Data), que ofrece una forma estructurada e interoperable de representar credenciales. JSON-LD permite compartir, validar y vincular f\u00e1cilmente los VC con otras fuentes de datos.<\/p>\n\n\n\n<h2 class=\"wp-block-heading\">Estructura de credenciales verificables<\/h2>\n\n\n\n<p>Una credencial verificable t\u00edpica consta de varios elementos clave:  <\/p>\n\n\n\n<p><em>Fuente: https:\/\/www.w3.org\/TR\/vc-data-model\/<\/em><\/p>\n\n\n\n<ol class=\"wp-block-list\">\n<li><strong>Contexto:<\/strong> El contexto proporciona informaci\u00f3n sobre el vocabulario y los t\u00e9rminos utilizados en la credencial. Garantiza la interoperabilidad sem\u00e1ntica al interpretar los datos.<\/li>\n\n\n\n<li><strong>Tipo:<\/strong> El campo tipo especifica el tipo de credencial, como un diploma, un permiso de conducir o un carn\u00e9 de socio.<\/li>\n\n\n\n<li><strong>Emisor:<\/strong> Este campo identifica la entidad que emiti\u00f3 la credencial. Incluye informaci\u00f3n sobre el DID (Identificador Descentralizado) del emisor y, opcionalmente, un m\u00e9todo de verificaci\u00f3n.<\/li>\n\n\n\n<li><strong>Sujeto:<\/strong> El sujeto es la entidad a la que pertenece la credencial. Incluye informaci\u00f3n sobre el DID del sujeto y atributos relacionados con la reclamaci\u00f3n.<\/li>\n\n\n\n<li>Alegaci\u00f3n<strong>:<\/strong> La alegaci\u00f3n es la declaraci\u00f3n real que se hace en la credencial. Puede ser una afirmaci\u00f3n simple como \u00abTiene una licenciatura\u00bb o una m\u00e1s compleja.<\/li>\n\n\n\n<li><strong>Pruebas:<\/strong> La secci\u00f3n de pruebas contiene pruebas criptogr\u00e1ficas que validan la autenticidad e integridad de la credencial. Incluye firmas digitales o pruebas de conocimiento cero (ZKP) para verificar la autoridad del emisor.<\/li>\n<\/ol>\n\n\n\n<figure class=\"wp-block-image aligncenter\"><img decoding=\"async\" src=\"https:\/\/lh7-us.googleusercontent.com\/nKwaZ4IYPHLayZNea6zM4L1v9lGtKtfW9XDNaRgCWrSNlBpVRM6_o-uHYtsvSNoWPpxd-kJ9vN0KqAxAwaLCd_x51hBKjHzq8mvIRKqU9XXUHsONbB3qSRJOVfGXf5JpHfdtZiK7OgmVVIEFaae6jsY\" alt=\"\"\/><\/figure>\n\n\n\n<h5 class=\"wp-block-heading\"><em>Sistematizaci\u00f3n del conocimiento para identidades descentralizadas y credenciales verificables<\/em><\/h5>\n\n\n\n<h2 class=\"wp-block-heading\">Crear una credencial verificable<\/h2>\n\n\n\n<p>La creaci\u00f3n de una credencial verificable implica varios pasos:<\/p>\n\n\n\n<ol class=\"wp-block-list\">\n<li><strong>Creaci\u00f3n del emisor: <\/strong>El emisor genera un DID, estableciendo su identidad en la red descentralizada. Tambi\u00e9n genera un par de claves para operaciones criptogr\u00e1ficas.<\/li>\n\n\n\n<li>Creaci\u00f3n de <strong>la<\/strong> credencial: El emisor ensambla la Credencial Verificable definiendo el contexto, el tipo, el emisor, el sujeto, la reclamaci\u00f3n y cualquier prueba necesaria.<\/li>\n\n\n\n<li><strong>Firma<\/strong>: El emisor firma digitalmente la credencial utilizando su clave privada, creando una prueba verificable de la autenticidad de la credencial.<\/li>\n\n\n\n<li><strong>Presentaci\u00f3n:<\/strong> El sujeto presenta la Credencial Verificable a un verificador, ya sea directamente o a trav\u00e9s de un servicio de terceros, en funci\u00f3n de la solicitud del verificador.<\/li>\n\n\n\n<li><strong>Verificaci\u00f3n: <\/strong>El verificador comprueba la integridad de la credencial verificando la firma digital o validando la prueba. Si es v\u00e1lida, el verificador conf\u00eda en la declaraci\u00f3n realizada en la credencial.<\/li>\n<\/ol>\n\n\n\n<h2 class=\"wp-block-heading\">Conceptos b\u00e1sicos<\/h2>\n\n\n\n<h3 class=\"wp-block-heading\">Protecci\u00f3n de la intimidad<\/h3>\n\n\n\n<p>Uno de los principios b\u00e1sicos de las VC es la preservaci\u00f3n de la privacidad. Los sujetos tienen control sobre la informaci\u00f3n que comparten, lo que les permite presentar s\u00f3lo las afirmaciones necesarias para la verificaci\u00f3n sin revelar detalles superfluos. Esta divulgaci\u00f3n selectiva mejora la privacidad y minimiza el riesgo de violaciones relacionadas con la identidad.<\/p>\n\n\n\n<h3 class=\"wp-block-heading\">Confianza y seguridad<\/h3>\n\n\n\n<p>Las firmas criptogr\u00e1ficas y las pruebas asociadas a las VC garantizan la confianza y la seguridad en el proceso de acreditaci\u00f3n. Las firmas digitales de los emisores verifican la autenticidad de las credenciales, mientras que las t\u00e9cnicas criptogr\u00e1ficas como <a href=\"https:\/\/extrimian.io\/es\/wikis\/zero-knowledge-proof-zkp\/\" title=\"\"><strong>Zero Knowledge Proofs (ZKP)<\/strong><\/a><strong> <\/strong> pueden emplearse para validar afirmaciones sin exponer los datos subyacentes.<\/p>\n\n\n\n<h3 class=\"wp-block-heading\">Interoperabilidad<\/h3>\n\n\n\n<p>Las VC est\u00e1n dise\u00f1adas para ser altamente interoperables entre distintos sistemas y servicios. Esta interoperabilidad agiliza el intercambio de credenciales entre diversas entidades, lo que facilita la verificaci\u00f3n de reclamaciones en una amplia gama de aplicaciones y dominios.<\/p>\n\n\n\n<h2 class=\"wp-block-heading\">Utilizaci\u00f3n por Extrimian de credenciales verificables<\/h2>\n\n\n\n<p>Extrimian reconoce el inmenso valor de las credenciales verificables para mejorar las soluciones de identidad digital. Los VC son una parte integral del compromiso de Extrimian de dotar a individuos y organizaciones de credenciales digitales seguras y fiables.<\/p>\n\n\n\n<p><strong>Productos de Extrimian: <\/strong><a href=\"https:\/\/extrimian.io\/es\/productos\/\" title=\"\"><strong>Extrimian<\/strong> <\/a> incorpora Verifiable Credentials en su conjunto de productos para proporcionar a los usuarios una forma segura y eficaz de gestionar y compartir sus credenciales digitales. Ya se trate de diplomas acad\u00e9micos, certificaciones profesionales o atributos de identidad, los productos de Extrimian aprovechan las VC para garantizar la credibilidad e integridad de las credenciales digitales.<\/p>\n\n\n\n<h3 class=\"wp-block-heading\">Fuentes y referencias<\/h3>\n\n\n\n<p>Para m\u00e1s informaci\u00f3n t\u00e9cnica y recursos sobre las Credenciales Verificables (VC), puede consultar las siguientes fuentes:<\/p>\n\n\n\n<ul class=\"wp-block-list\">\n<li><a href=\"https:\/\/www.w3.org\/TR\/vc-data-model\/\" target=\"_blank\" rel=\"noreferrer noopener\">W3C Verifiable Credentials Data Model<\/a><\/li>\n\n\n\n<li><a href=\"https:\/\/json-ld.org\/\" target=\"_blank\" rel=\"noopener nofollow\" title=\"\">JSON-LD<\/a><\/li>\n\n\n\n<li><a href=\"https:\/\/extrimian.io\/es\/wikis\/zero-knowledge-proof-zkp\/\" title=\"\"><a href=\"https:\/\/extrimian.io\/es\/wikis\/zero-knowledge-proof-zkp\/\">Zero Knowledge Proofs<\/a> (ZKP)<\/a><\/li>\n<\/ul>\n\n\n\n<p>Las credenciales verificables (VC) son la piedra angular de los sistemas modernos de identidad digital, ya que permiten a las personas y a las organizaciones disponer de credenciales digitales seguras y que preservan la privacidad. Desempe\u00f1an un papel vital en la visi\u00f3n de Extrimian de un ecosistema de identidad digital fiable y centrado en el usuario.<\/p>\n","protected":false},"excerpt":{"rendered":"<p>Est\u00e1ndar SSI del W3C Las credenciales verificables (VC) son un componente fundamental de los modernos sistemas de identidad digital, que revolucionan la forma en que las personas y las organizaciones comparten y verifican la informaci\u00f3n. Las credenciales digitales permiten la emisi\u00f3n, presentaci\u00f3n y verificaci\u00f3n de credenciales digitales de forma segura, interoperable y preservando la privacidad. [&hellip;]<\/p>\n","protected":false},"author":2,"featured_media":5687,"parent":8757,"menu_order":0,"comment_status":"closed","ping_status":"closed","template":"","meta":{"_acf_changed":false,"footnotes":""},"class_list":["post-5699","page","type-page","status-publish","has-post-thumbnail","hentry"],"acf":[],"aioseo_notices":[],"_links":{"self":[{"href":"https:\/\/extrimian.io\/es\/wp-json\/wp\/v2\/pages\/5699","targetHints":{"allow":["GET"]}}],"collection":[{"href":"https:\/\/extrimian.io\/es\/wp-json\/wp\/v2\/pages"}],"about":[{"href":"https:\/\/extrimian.io\/es\/wp-json\/wp\/v2\/types\/page"}],"author":[{"embeddable":true,"href":"https:\/\/extrimian.io\/es\/wp-json\/wp\/v2\/users\/2"}],"replies":[{"embeddable":true,"href":"https:\/\/extrimian.io\/es\/wp-json\/wp\/v2\/comments?post=5699"}],"version-history":[{"count":0,"href":"https:\/\/extrimian.io\/es\/wp-json\/wp\/v2\/pages\/5699\/revisions"}],"up":[{"embeddable":true,"href":"https:\/\/extrimian.io\/es\/wp-json\/wp\/v2\/pages\/8757"}],"wp:featuredmedia":[{"embeddable":true,"href":"https:\/\/extrimian.io\/es\/wp-json\/wp\/v2\/media\/5687"}],"wp:attachment":[{"href":"https:\/\/extrimian.io\/es\/wp-json\/wp\/v2\/media?parent=5699"}],"curies":[{"name":"wp","href":"https:\/\/api.w.org\/{rel}","templated":true}]}}