{"id":5695,"date":"2024-02-08T16:51:23","date_gmt":"2024-02-08T19:51:23","guid":{"rendered":"https:\/\/extrimian.io\/?page_id=5695"},"modified":"2024-02-08T18:36:29","modified_gmt":"2024-02-08T21:36:29","slug":"identidad-auto-soberana-ssi","status":"publish","type":"page","link":"https:\/\/extrimian.io\/es\/wikis\/identidad-auto-soberana-ssi\/","title":{"rendered":"Identidad Auto Soberana (SSI)"},"content":{"rendered":"\n<h2 class=\"wp-block-heading\">El sistema de identidad digital descentralizado<\/h2>\n\n<p>La <strong>identidad aut\u00f3noma y soberana (SSI) <\/strong>representa un cambio de paradigma en la gesti\u00f3n de la identidad digital, ya que ofrece a las personas, las organizaciones y los dispositivos un control sin precedentes sobre su identidad digital y sus datos personales. Esta completa gu\u00eda profundiza en los entresijos t\u00e9cnicos de la SSI, explorando sus fundamentos conceptuales, sus ventajas y su capacidad para resolver problemas. Para una comprensi\u00f3n m\u00e1s detallada, nos hemos referido a fuentes clave del Consorcio World Wide Web (W3C) y a ideas relevantes del <a href=\"https:\/\/extrimian.io\/es\/blog\/\">\n  <strong>blog Extrimian<\/strong>\n<\/a>.<\/p>\n\n<h2 class=\"wp-block-heading\">Fundamentos t\u00e9cnicos de SSI<\/h2>\n\n<h3 class=\"wp-block-heading\">Identificadores descentralizados (DID)<\/h3>\n\n<p>Los identificadores descentralizados (DID) son el eje central de la SSI. Estos identificadores \u00fanicos a escala mundial y verificables criptogr\u00e1ficamente se construyen sobre redes descentralizadas o blockchains. Los DID permiten a los usuarios establecer su presencia digital eliminando la necesidad de autoridades centrales o intermediarios. Ofrecen inmutabilidad y resistencia, mejorando la seguridad y fiabilidad de las identidades digitales.<\/p>\n\n<p><strong><a href=\"https:\/\/www.w3.org\/TR\/did-core\/\" target=\"_blank\" rel=\"noopener nofollow\" title=\"\">Especificaci\u00f3n DID del W3C<\/a><\/strong><\/p>\n\n<figure class=\"wp-block-image aligncenter is-resized\"><img decoding=\"async\" src=\"https:\/\/lh7-us.googleusercontent.com\/cJuutfzYY7nsMXTL-OWhGGQutkignIYf7Wdir5oT9P-atJJeeivUWZ-oIJ1AhO_fCVzRk-E92WkLqCoo3vCY9pAqHsRtmSfQaEoWfAlcowAcKCjVODgcbvT5tWnoKsj5W2ecpmtxqQNEne31197Sliw\" alt=\"\" style=\"width:576px;height:auto\"\/><\/figure>\n\n<p class=\"has-text-align-center\"><em>*Ilustraci\u00f3n: Identificadores descentralizados Sintaxis W3C.<\/em><\/p>\n\n<h3 class=\"wp-block-heading\">Credenciales verificables (VC)<\/h3>\n\n<p>Las credenciales verificables (CV) son los equivalentes digitales de los certificados o declaraciones tradicionales, como los diplomas acad\u00e9micos, los permisos de conducir o las afiliaciones. Las CV est\u00e1n firmadas criptogr\u00e1ficamente por entidades de confianza y pueden ser reveladas selectivamente por los usuarios para demostrar atributos o cualificaciones espec\u00edficos sin divulgar informaci\u00f3n sensible. El W3C ha desarrollado un modelo de datos completo para las CV.<\/p>\n\n<p><a href=\"https:\/\/www.w3.org\/TR\/vc-data-model\/\" target=\"_blank\" rel=\"noopener nofollow\" title=\"\"><strong>Modelo de datos de credenciales verificables del W3C<\/strong><\/a><\/p>\n\n<figure class=\"wp-block-image aligncenter\"><img decoding=\"async\" src=\"https:\/\/lh7-us.googleusercontent.com\/dJLhP3C28pC_FRdFFcsqsQhVlHe_arXOE8YDmMNfWHqn7bSWlYFrjIjDt0pInNXBSfdVGYtf7PWiGveuMsJR-SjZkPWETZf8CUj7heAYnTFTFELlj76lMtYeSfPYrUKDy_HDvo1XoiJLdnH-14zPQvU\" alt=\"\"\/><\/figure>\n\n<p class=\"has-text-align-center\"><em>*Ilustraci\u00f3n: Circuito de credenciales verificables.<\/em><\/p>\n\n<h3 class=\"wp-block-heading\">Zero Knowledge Proof (ZKP)<\/h3>\n\n<p>Las Zero Knowledge Proof (ZKP) son t\u00e9cnicas criptogr\u00e1ficas que permiten a una parte demostrar a otra el conocimiento de ciertos datos sin revelar los propios datos. En el contexto de la ESI, las ZKP desempe\u00f1an un papel fundamental para garantizar la privacidad. Permiten a los usuarios autenticar o validar reclamaciones sin exponer informaci\u00f3n personal, salvaguardando as\u00ed la privacidad del usuario y la integridad de los datos.<\/p>\n\n<p><strong><a href=\"https:\/\/www.w3.org\/2019\/did-wg\/wiki\/Zero-Knowledge_Proofs\" target=\"_blank\" rel=\"noopener nofollow\" title=\"\">Zero Knowledge Proof cero en el W3C<\/a><\/strong><\/p>\n\n<h2 class=\"wp-block-heading\">Marco conceptual<\/h2>\n\n<h3 class=\"wp-block-heading\">Centrado en el usuario<\/h3>\n\n<p>La identidad autosuficiente sit\u00faa a los individuos al tim\u00f3n del ecosistema de identidad. Este cambio de paradigma permite a los usuarios ejercer el control sobre sus identidades digitales, determinando qu\u00e9 informaci\u00f3n compartir y con qui\u00e9n. El enfoque centrado en el usuario redefine la relaci\u00f3n entre los individuos y sus personajes digitales, fomentando la autonom\u00eda y el consentimiento.<\/p>\n\n<h3 class=\"wp-block-heading\">Descentralizaci\u00f3n<\/h3>\n\n<p>La descentralizaci\u00f3n constituye la espina dorsal de la SSI, erradicando las autoridades centrales y los intermediarios. La utilizaci\u00f3n de DID y CV en redes descentralizadas garantiza a los usuarios el control total de sus identidades digitales. Esta descentralizaci\u00f3n mejora la seguridad, la resistencia y la autonom\u00eda de los usuarios.<\/p>\n\n<h2 class=\"wp-block-heading\">Ventajas de la descentralizaci\u00f3n del SSI<\/h2>\n\n<h2 class=\"wp-block-heading\">Privacidad y soberan\u00eda de datos<\/h2>\n\n<p>Las capacidades de divulgaci\u00f3n selectiva y los protocolos de seguridad criptogr\u00e1fica de SSI refuerzan la privacidad y la soberan\u00eda de los datos. Los usuarios s\u00f3lo pueden divulgar la informaci\u00f3n esencial, lo que mitiga el riesgo de exposici\u00f3n de datos personales. Esto se ajusta a la evoluci\u00f3n de la normativa de protecci\u00f3n de datos, preservando el control de los individuos sobre su informaci\u00f3n personal.<\/p>\n\n<h2 class=\"wp-block-heading\">Interoperabilidad de la identidad autosuficiente<\/h2>\n\n<p>Las soluciones SSI son intr\u00ednsecamente interoperables. Los usuarios pueden emplear con fluidez sus identidades digitales en diversas plataformas y servicios sin necesidad de tener varias cuentas. Esta interoperabilidad sin fisuras aumenta la comodidad del usuario y agiliza las interacciones en l\u00ednea.<\/p>\n\n<p>Ciertamente, el tri\u00e1ngulo de confianza es un concepto fundamental en la Identidad Autosuficiente (SSI) que subraya los principios de confianza y seguridad dentro del ecosistema. Aqu\u00ed hay un p\u00e1rrafo que explica el tri\u00e1ngulo de confianza en el SSI:<\/p>\n\n<h2 class=\"wp-block-heading\">Tri\u00e1ngulo de confianza en SSI:  <\/h2>\n\n<p>La identidad aut\u00f3noma (Self-Sovereign Identity, SSI) funciona sobre la base del tri\u00e1ngulo de la confianza, que comprende tres elementos esenciales: el titular de la identidad, el verificador y el emisor. El titular de la identidad representa a las personas o entidades que hacen valer el control sobre sus identidades digitales. Los verificadores son las partes que buscan la verificaci\u00f3n de atributos o declaraciones espec\u00edficas presentadas por el titular de la identidad. Los emisores son entidades de confianza que expiden credenciales verificables, como universidades que otorgan diplomas u organismos gubernamentales que expiden documentos de identidad.  <\/p>\n\n<p><strong>El tri\u00e1ngulo de la confianza<\/strong> subraya que la confianza en el ecosistema SSI no se deposita en una autoridad centralizada, sino que se distribuye entre estas tres partes. Los titulares de identidad conf\u00edan en que los verificadores verifiquen con precisi\u00f3n sus declaraciones, mientras que los verificadores conf\u00edan en que los emisores expidan credenciales v\u00e1lidas y aut\u00e9nticas. Este modelo de confianza distribuida mejora la seguridad, la privacidad y el control del usuario en las transacciones de identidad digital.<\/p>\n\n<figure class=\"wp-block-image aligncenter\"><img decoding=\"async\" src=\"https:\/\/lh7-us.googleusercontent.com\/xaNs0hA_jJJb-wH4bV64Itw3miIyjsDOnGohaAOulqdF7CNu0-UpssVV6nvGXE5Wv4zZQU0WyrhOkZqgaZ_Krq0853861VPQPGLfyBQt8sQYP0r5qAZOreu--FHFsvKFZO9ER-Z2xAXE_C1F4Ph1_jY\" alt=\"\"\/><\/figure>\n\n<p class=\"has-text-align-center\"><em>*Ilustraci\u00f3n: Tri\u00e1ngulo de confianza Identidad autosuficiente (SSI).<\/em><\/p>\n\n<h2 class=\"wp-block-heading\">Seguridad y confianza<\/h2>\n\n<p>La incorporaci\u00f3n de firmas criptogr\u00e1ficas, DID y ZKP refuerza la seguridad y la confianza en el ecosistema SSI. Los usuarios pueden confiar en la autenticidad de las identidades y afirmaciones digitales, lo que reduce la susceptibilidad al fraude y a los incidentes relacionados con la identidad.<\/p>\n\n<h2 class=\"wp-block-heading\">Capacidad de resoluci\u00f3n de problemas<\/h2>\n\n<h3 class=\"wp-block-heading\">Fragmentaci\u00f3n de la identidad<\/h3>\n\n<p>Los sistemas de identidad tradicionales a menudo conducen a la fragmentaci\u00f3n de la identidad, ya que las personas gestionan numerosas cuentas y credenciales en varios servicios. SSI aborda este problema proporcionando una identidad digital unificada y centrada en el usuario que se integra sin esfuerzo en diferentes aplicaciones y contextos.<\/p>\n\n<h3 class=\"wp-block-heading\">Control centralizado<\/h3>\n\n<p>Los sistemas de identidad centralizados suscitan preocupaci\u00f3n por la privacidad de los datos y las violaciones de la seguridad, ya que las autoridades centralizadas ejercen un control significativo. La SSI permite a los individuos recuperar el control sobre sus identidades digitales, reduciendo la influencia de los intermediarios y reforzando la autonom\u00eda individual.<\/p>\n\n<h2 class=\"wp-block-heading\">M\u00e1s informaci\u00f3n sobre el sistema de identidad autosuficiente y las tecnolog\u00edas descentralizadas<\/h2>\n\n<p>Para m\u00e1s informaci\u00f3n sobre la Identidad Auto Soberana (ISS) y sus aplicaciones pr\u00e1cticas, explore las entradas del blog y los recursos relevantes en el <strong>\n  <a href=\"https:\/\/extrimian.io\/blog\/verifiable-data-digital-identity-web3\/\" title=\"\">Blog de Extrimian<\/a>\n<\/strong>. Estos art\u00edculos ofrecen perspectivas reales sobre la implantaci\u00f3n de las SSI y su impacto en el panorama de la identidad digital.<\/p>\n\n<figure class=\"wp-block-image aligncenter\"><img decoding=\"async\" src=\"https:\/\/lh7-us.googleusercontent.com\/Ul3t26wBkuGPmot6XIBzkLnxqDSAb2tyxWcIPiGzKAOTiXpbSF6lAHTGcx9RftbXQgiYyBdYI943cv7qJm0ZTq_bInvf7WTJ3biHbV6cKBeKpph9oRNvAohUfEChxkAzI48uOM7RvB-my6Zt-gqxrG8\" alt=\"\"\/><\/figure>\n\n<p class=\"has-text-align-center\"><em>*Ilustraci\u00f3n: Sistema de identificaci\u00f3n actual frente a identidad autosuficiente (SSI).<\/em><\/p>\n","protected":false},"excerpt":{"rendered":"<p>El sistema de identidad digital descentralizado La identidad aut\u00f3noma y soberana (SSI) representa un cambio de paradigma en la gesti\u00f3n de la identidad digital, ya que ofrece a las personas, las organizaciones y los dispositivos un control sin precedentes sobre su identidad digital y sus datos personales. Esta completa gu\u00eda profundiza en los entresijos t\u00e9cnicos [&hellip;]<\/p>\n","protected":false},"author":2,"featured_media":5685,"parent":8757,"menu_order":0,"comment_status":"closed","ping_status":"closed","template":"","meta":{"_acf_changed":false,"footnotes":""},"class_list":["post-5695","page","type-page","status-publish","has-post-thumbnail","hentry"],"acf":[],"aioseo_notices":[],"_links":{"self":[{"href":"https:\/\/extrimian.io\/es\/wp-json\/wp\/v2\/pages\/5695","targetHints":{"allow":["GET"]}}],"collection":[{"href":"https:\/\/extrimian.io\/es\/wp-json\/wp\/v2\/pages"}],"about":[{"href":"https:\/\/extrimian.io\/es\/wp-json\/wp\/v2\/types\/page"}],"author":[{"embeddable":true,"href":"https:\/\/extrimian.io\/es\/wp-json\/wp\/v2\/users\/2"}],"replies":[{"embeddable":true,"href":"https:\/\/extrimian.io\/es\/wp-json\/wp\/v2\/comments?post=5695"}],"version-history":[{"count":0,"href":"https:\/\/extrimian.io\/es\/wp-json\/wp\/v2\/pages\/5695\/revisions"}],"up":[{"embeddable":true,"href":"https:\/\/extrimian.io\/es\/wp-json\/wp\/v2\/pages\/8757"}],"wp:featuredmedia":[{"embeddable":true,"href":"https:\/\/extrimian.io\/es\/wp-json\/wp\/v2\/media\/5685"}],"wp:attachment":[{"href":"https:\/\/extrimian.io\/es\/wp-json\/wp\/v2\/media?parent=5695"}],"curies":[{"name":"wp","href":"https:\/\/api.w.org\/{rel}","templated":true}]}}