{"id":5580,"date":"2024-02-05T11:50:07","date_gmt":"2024-02-05T14:50:07","guid":{"rendered":"https:\/\/extrimian.io\/?page_id=5580"},"modified":"2024-02-08T19:14:36","modified_gmt":"2024-02-08T22:14:36","slug":"identidad-digital","status":"publish","type":"page","link":"https:\/\/extrimian.io\/es\/wikis\/identidad-digital\/","title":{"rendered":"Identidad digital"},"content":{"rendered":"\n<h2 class=\"wp-block-heading\">De lo centralizado a lo descentralizado<\/h2>\n\n<p>La identidad digital es un aspecto fundamental de nuestro mundo interconectado, que representa a individuos, organizaciones o dispositivos en el \u00e1mbito digital. Esta p\u00e1gina wiki ofrece una visi\u00f3n general de la historia, la evoluci\u00f3n y los conceptos clave de la identidad digital, incluida su progresi\u00f3n desde la identidad centralizada a la identidad aut\u00f3noma. Adem\u00e1s, ofrece enlaces a proyectos relevantes que ejemplifican cada tipo de identidad digital e introduce la propuesta de Extrimian, esbozando los productos ofrecidos por Extrimian en este campo.<\/p>\n\n<h2 class=\"wp-block-heading\">Historia y evoluci\u00f3n<\/h2>\n\n<h3 class=\"wp-block-heading\">Identidad digital centralizada<\/h3>\n\n<p>El concepto de identidad digital ha evolucionado mucho con el tiempo. En sus primeras etapas, predominaban los sistemas de identidad digital centralizados, en los que los usuarios creaban identidades \u00fanicas para diversos servicios en l\u00ednea. Esto implicaba a menudo el uso de nombres de usuario y contrase\u00f1as. Estas identidades carec\u00edan de interoperabilidad, lo que dificultaba la gesti\u00f3n de varias cuentas y planteaba problemas de seguridad. Un ejemplo de sistema de identidad digital centralizado es Azure Active Directory de Microsoft.<\/p>\n\n<h3 class=\"wp-block-heading\">Identidad digital federada<\/h3>\n\n<p>Para hacer frente a las limitaciones de los sistemas centralizados, surgieron los sistemas de identidad federados. Estos sistemas permit\u00edan a los usuarios utilizar un \u00fanico conjunto de credenciales para acceder a m\u00faltiples servicios en distintos dominios. Algunos ejemplos notables son las soluciones de inicio de sesi\u00f3n \u00fanico (SSO) como <a href=\"https:\/\/openid.net\/\" target=\"_blank\" rel=\"noopener nofollow\" title=\"\">\n  <strong>OpenID<\/strong>\n<\/a> y <a href=\"https:\/\/oauth.net\/\" target=\"_blank\" rel=\"noopener nofollow\" title=\"\">\n  <strong>OAuth<\/strong>\n<\/a>. La identidad federada mejoraba la comodidad, pero segu\u00eda dependiendo de terceros de confianza para la autenticaci\u00f3n.<\/p>\n\n<h3 class=\"wp-block-heading\">Identidad digital descentralizada<\/h3>\n\n<p>Los sistemas de identidad descentralizados pretend\u00edan eliminar las autoridades centrales y los intermediarios. Un concepto fundamental en esta evoluci\u00f3n es el uso de identificadores descentralizados (DID). Los DID son identificadores \u00fanicos globales anclados en redes descentralizadas, como blockchain. Permiten a las personas tener un mayor control sobre sus identidades digitales y compartir informaci\u00f3n de forma selectiva con partes de confianza. Un proyecto que ejemplifica la identidad digital descentralizada es <a href=\"https:\/\/www.uport.me\/\" target=\"_blank\" rel=\"noopener nofollow\" title=\"\">\n  <strong>uPort<\/strong>\n<\/a>.<\/p>\n\n<h3 class=\"wp-block-heading\">Identidad autosuficiente (SSI)<\/h3>\n\n<p><strong>\n  <a href=\"https:\/\/extrimian.io\/es\/wikis\/identidad-auto-soberana-ssi\/\" target=\"_blank\" rel=\"noopener\" title=\"\">La identidad autosuficiente <\/a>\n<\/strong>representa la c\u00faspide de la evoluci\u00f3n de la identidad digital. Da a las personas el control total de su personalidad digital, permiti\u00e9ndoles crear, poseer y gestionar sus identidades sin depender de autoridades centralizadas. En un ecosistema SSI, los usuarios pueden presentar Credenciales Verificables (CV), que son atestaciones o afirmaciones firmadas digitalmente por entidades de confianza. Las CV permiten la divulgaci\u00f3n selectiva de informaci\u00f3n, preservando la privacidad y estableciendo al mismo tiempo la confianza en las interacciones en l\u00ednea. Un ejemplo de proyecto basado en SSI es <a href=\"https:\/\/blockworks.co\/news\/buenos-aires-id-ethereum-zksync\" target=\"_blank\" rel=\"noopener nofollow\" title=\"\"><strong>QuarkID<\/strong><\/a>, que ser\u00e1 adoptado y puesto en marcha en primera instancia por el Gobierno de la Ciudad de Buenos Aires. Este protocolo SSI para la regi\u00f3n de Latam fue cofundado y desarrollado por Extrimian.<\/p>\n\n<p>Adem\u00e1s, otro ejemplo es <a href=\"https:\/\/sovrin.org\/\" target=\"_blank\" rel=\"noopener nofollow\" title=\"\"><strong>Sovrin<\/strong><\/a>y el <a href=\"https:\/\/ssi-ambassador.medium.com\/essif-the-european-self-sovereign-identity-framework-4572f6875e12\" target=\"_blank\" rel=\"noopener nofollow\" title=\"\"><strong>ESSIF<\/strong><\/a> o marco europeo de identidad autosoberana (ESSIF) forma parte de la infraestructura europea de servicios de blockchain <strong><a href=\"https:\/\/ec.europa.eu\/digital-building-blocks\/sites\/display\/EBSI\/Home\" target=\"_blank\" rel=\"noopener nofollow\" title=\"\">(EBSI)<\/a><\/strong>.<\/p>\n\n<p>Para saber m\u00e1s sobre <strong><a href=\"https:\/\/extrimian.io\/es\/wikis\/identidad-auto-soberana-ssi\/\" target=\"_blank\" rel=\"noopener\" title=\"\">Wiki de la identidad autosuficiente<\/a><\/strong><\/p>\n\n<h2 class=\"wp-block-heading\">Conceptos principales<\/h2>\n\n<h3 class=\"wp-block-heading\">Credencial verificable (CV)<\/h3>\n\n<p>Las credenciales verificables son los componentes b\u00e1sicos de los sistemas de identidad autosuficiente. Son declaraciones o afirmaciones digitales emitidas por partes de confianza y firmadas criptogr\u00e1ficamente. Los CV pueden representar diversos tipos de informaci\u00f3n, como documentos de identidad expedidos por el gobierno, diplomas o afiliaciones. Los usuarios pueden revelar selectivamente VC para demostrar atributos espec\u00edficos sobre s\u00ed mismos, mejorando la privacidad y la confianza en las interacciones en l\u00ednea. El modelo de datos de credenciales verificables del W3C define un est\u00e1ndar para las VC.<\/p>\n\n<p>[Verifiable Credential Wiki](enlace a Verifiable Credential Wiki)<\/p>\n\n<h3 class=\"wp-block-heading\">Identificador descentralizado (DID)<\/h3>\n\n<p>Los identificadores descentralizados (DID) son la base de los sistemas de identidad digital descentralizados. Los DID son identificadores \u00fanicos que pueden resolverse a escala mundial y no est\u00e1n vinculados a ninguna autoridad central. Permiten a los usuarios establecer su presencia digital de forma descentralizada, otorg\u00e1ndoles un mayor control y autonom\u00eda sobre sus identidades. La especificaci\u00f3n DID del W3C esboza las normas para los DID.<\/p>\n\n<p><strong><a href=\"https:\/\/extrimian.io\/es\/wikis\/identificadores-descentralizados-dids\/\" target=\"_blank\" rel=\"noopener\" title=\"\">Wiki del identificador descentralizado<\/a><\/strong><\/p>\n\n<h3 class=\"wp-block-heading\">Prueba de conocimiento cero (ZKP)<\/h3>\n\n<p>Las Zero Knowledge Proof (ZKP, por sus siglas en ingl\u00e9s) son t\u00e9cnicas criptogr\u00e1ficas que permiten a una parte (el prover) demostrar a otra parte (el verifier) que posee cierto conocimiento sin revelar el conocimiento real en s\u00ed. Las ZKP son cruciales en los sistemas de identidad autosuficiente, ya que permiten a las personas afirmar cosas sobre s\u00ed mismas (por ejemplo, tener la edad legal para consumir alcohol) sin revelar informaci\u00f3n personal innecesaria. Un ejemplo de ZKP en acci\u00f3n es <a href=\"https:\/\/zksync.io\/\" target=\"_blank\" rel=\"noopener nofollow\" title=\"\">\n  <strong>zkSync<\/strong>\n<\/a>de <a href=\"https:\/\/ethereum.org\/\" target=\"_blank\" rel=\"noopener nofollow\" title=\"\">\n  <strong>Ethereum<\/strong>\n<\/a> en la que est\u00e1 anclado el protocolo QuarkID de SSI para la regi\u00f3n de Latinoam\u00e9rica, que fue cofundada y desarrollada t\u00e9cnicamente por el equipo de Extrimian.<\/p>\n\n<p>[Self-sovereign identity Wiki](enlace a SSI Wiki)<\/p>\n\n<h2 class=\"wp-block-heading\">Diferenciales y contrastes<\/h2>\n\n<ul class=\"wp-block-list\">\n<li><strong>Identidad centralizada frente a identidad autosuficiente:<\/strong> El diferenciador clave es el control. En la identidad centralizada, un tercero controla tu identidad, mientras que la identidad autosuficiente te da el control.<\/li>\n\n\n\n<li><strong>Identidad federada frente a identidad descentralizada:<\/strong> La identidad federada se basa en intermediarios de confianza, mientras que la identidad descentralizada elimina los intermediarios, mejorando la seguridad y la privacidad.<\/li>\n\n\n\n<li><strong>Credenciales verificables frente a credenciales tradicionales:<\/strong> Las credenciales verificables proporcionan una prueba criptogr\u00e1fica de autenticidad, lo que las hace m\u00e1s seguras y fiables que las credenciales tradicionales en papel.<\/li>\n\n\n\n<li><strong>DID frente a identificadores centralizados:<\/strong> Los DID son independientes de cualquier autoridad central, lo que garantiza la resistencia y elimina los puntos \u00fanicos de fallo.<\/li>\n\n\n\n<li><strong>La prueba de conocimiento cero frente a la autenticaci\u00f3n tradicional:<\/strong> Las ZKP permiten la autenticaci\u00f3n sin revelar informaci\u00f3n sensible, lo que reduce los riesgos para la privacidad asociados a los m\u00e9todos de autenticaci\u00f3n tradicionales.<\/li>\n<\/ul>\n\n<h2 class=\"wp-block-heading\">Propuesta Extrimian<\/h2>\n\n<p><a href=\"https:\/\/www.extrimian.io\/\" title=\"\"><strong>Extrimian<\/strong><\/a> ofrece soluciones innovadoras en el \u00e1mbito de la identidad digital, en l\u00ednea con el panorama en evoluci\u00f3n de la identidad descentralizada y autosuficiente. Sus productos abarcan soluciones de gesti\u00f3n de identidades, verificaci\u00f3n y autenticaci\u00f3n, dise\u00f1adas para mejorar la seguridad, la privacidad y el control de los usuarios en el \u00e1mbito digital. Para m\u00e1s detalles sobre las ofertas de Extrimian y su papel en la configuraci\u00f3n del futuro de la identidad digital, consulte el sitio web de Extrimian. En particular, Extrimian colabora con <a href=\"https:\/\/zksync.io\/\" target=\"_blank\" rel=\"noopener nofollow\" title=\"\"><strong>zkSync<\/strong><\/a> en su iniciativa de identidad digital, con el <a href=\"https:\/\/extrimian.io\/blog\/quarkid-partners-with-zksync-to-lead-digital-identity-initiative-in-latam\/\" target=\"_blank\" rel=\"noopener\" title=\"\"><strong>protocolo QuarkID<\/strong><\/a> construido sobre la red zkSync.<\/p>\n\n<h2 class=\"wp-block-heading\">QuarkID<\/h2>\n\n<p>Para obtener m\u00e1s informaci\u00f3n sobre <a href=\"https:\/\/quarkid.org\" target=\"_blank\" rel=\"noopener nofollow\" title=\"\">\n  <strong>QuarkID<\/strong>\n<\/a>consulte la wiki dedicada a <strong>\n  <a href=\"https:\/\/extrimian.io\/es\/wikis\/quarkid-protocolo-identidad-auto-soberana-ssi\/\" title=\"\">QuarkID wiki<\/a>\n<\/strong>.<\/p>\n","protected":false},"excerpt":{"rendered":"<p>De lo centralizado a lo descentralizado La identidad digital es un aspecto fundamental de nuestro mundo interconectado, que representa a individuos, organizaciones o dispositivos en el \u00e1mbito digital. Esta p\u00e1gina wiki ofrece una visi\u00f3n general de la historia, la evoluci\u00f3n y los conceptos clave de la identidad digital, incluida su progresi\u00f3n desde la identidad centralizada [&hellip;]<\/p>\n","protected":false},"author":2,"featured_media":5683,"parent":8757,"menu_order":0,"comment_status":"closed","ping_status":"closed","template":"","meta":{"_acf_changed":false,"footnotes":""},"class_list":["post-5580","page","type-page","status-publish","has-post-thumbnail","hentry"],"acf":[],"aioseo_notices":[],"_links":{"self":[{"href":"https:\/\/extrimian.io\/es\/wp-json\/wp\/v2\/pages\/5580","targetHints":{"allow":["GET"]}}],"collection":[{"href":"https:\/\/extrimian.io\/es\/wp-json\/wp\/v2\/pages"}],"about":[{"href":"https:\/\/extrimian.io\/es\/wp-json\/wp\/v2\/types\/page"}],"author":[{"embeddable":true,"href":"https:\/\/extrimian.io\/es\/wp-json\/wp\/v2\/users\/2"}],"replies":[{"embeddable":true,"href":"https:\/\/extrimian.io\/es\/wp-json\/wp\/v2\/comments?post=5580"}],"version-history":[{"count":0,"href":"https:\/\/extrimian.io\/es\/wp-json\/wp\/v2\/pages\/5580\/revisions"}],"up":[{"embeddable":true,"href":"https:\/\/extrimian.io\/es\/wp-json\/wp\/v2\/pages\/8757"}],"wp:featuredmedia":[{"embeddable":true,"href":"https:\/\/extrimian.io\/es\/wp-json\/wp\/v2\/media\/5683"}],"wp:attachment":[{"href":"https:\/\/extrimian.io\/es\/wp-json\/wp\/v2\/media?parent=5580"}],"curies":[{"name":"wp","href":"https:\/\/api.w.org\/{rel}","templated":true}]}}