{"id":5419,"date":"2023-10-23T16:40:05","date_gmt":"2023-10-23T19:40:05","guid":{"rendered":"https:\/\/extrimian.io\/contactenos\/"},"modified":"2024-01-30T16:43:13","modified_gmt":"2024-01-30T19:43:13","slug":"contactenos","status":"publish","type":"page","link":"https:\/\/extrimian.io\/es\/contactenos\/","title":{"rendered":"Cont\u00e1ctenos"},"content":{"rendered":"\t\t<div data-elementor-type=\"wp-page\" data-elementor-id=\"5419\" class=\"elementor elementor-5419 elementor-219\" data-elementor-post-type=\"page\">\n\t\t\t\t<div class=\"elementor-element elementor-element-2c296760 e-flex e-con-boxed e-con e-parent\" data-id=\"2c296760\" data-element_type=\"container\" data-settings=\"{&quot;background_background&quot;:&quot;classic&quot;}\">\n\t\t\t\t\t<div class=\"e-con-inner\">\n\t\t\t\t<div class=\"elementor-element elementor-element-80a536d elementor-absolute elementor-widget elementor-widget-image\" data-id=\"80a536d\" data-element_type=\"widget\" data-settings=\"{&quot;_position&quot;:&quot;absolute&quot;}\" data-widget_type=\"image.default\">\n\t\t\t\t<div class=\"elementor-widget-container\">\n\t\t\t\t\t\t\t\t\t\t\t\t\t\t\t<img fetchpriority=\"high\" decoding=\"async\" width=\"334\" height=\"402\" src=\"https:\/\/extrimian.io\/wp-content\/uploads\/2023\/11\/fondo_1.png\" class=\"attachment-large size-large wp-image-4653\" alt=\"\" srcset=\"https:\/\/extrimian.io\/wp-content\/uploads\/2023\/11\/fondo_1.png 334w, https:\/\/extrimian.io\/wp-content\/uploads\/2023\/11\/fondo_1-249x300.png 249w\" sizes=\"(max-width: 334px) 100vw, 334px\" \/>\t\t\t\t\t\t\t\t\t\t\t\t\t\t\t<\/div>\n\t\t\t\t<\/div>\n\t\t<div class=\"elementor-element elementor-element-58499cf1 e-con-full e-flex e-con e-child\" data-id=\"58499cf1\" data-element_type=\"container\" data-settings=\"{&quot;background_background&quot;:&quot;classic&quot;}\">\n\t\t\t\t<div class=\"elementor-element elementor-element-999cf4a elementor-widget elementor-widget-spacer\" data-id=\"999cf4a\" data-element_type=\"widget\" data-widget_type=\"spacer.default\">\n\t\t\t\t<div class=\"elementor-widget-container\">\n\t\t\t\t\t\t\t<div class=\"elementor-spacer\">\n\t\t\t<div class=\"elementor-spacer-inner\"><\/div>\n\t\t<\/div>\n\t\t\t\t\t\t<\/div>\n\t\t\t\t<\/div>\n\t\t\t\t<\/div>\n\t\t<div class=\"elementor-element elementor-element-db328ae e-con-full e-flex e-con e-child\" data-id=\"db328ae\" data-element_type=\"container\" data-settings=\"{&quot;background_background&quot;:&quot;classic&quot;}\">\n\t\t<div class=\"elementor-element elementor-element-ba3084b e-con-full e-flex e-con e-child\" data-id=\"ba3084b\" data-element_type=\"container\">\n\t\t<div class=\"elementor-element elementor-element-02884f2 e-flex e-con-boxed e-con e-child\" data-id=\"02884f2\" data-element_type=\"container\">\n\t\t\t\t\t<div class=\"e-con-inner\">\n\t\t\t\t<div class=\"elementor-element elementor-element-59813cc elementor-widget elementor-widget-heading\" data-id=\"59813cc\" data-element_type=\"widget\" data-widget_type=\"heading.default\">\n\t\t\t\t<div class=\"elementor-widget-container\">\n\t\t\t\t\t<h1 class=\"elementor-heading-title elementor-size-default\">Cont\u00e1ctenos<\/h1>\t\t\t\t<\/div>\n\t\t\t\t<\/div>\n\t\t\t\t<div class=\"elementor-element elementor-element-2b91660 elementor-widget elementor-widget-text-editor\" data-id=\"2b91660\" data-element_type=\"widget\" data-widget_type=\"text-editor.default\">\n\t\t\t\t<div class=\"elementor-widget-container\">\n\t\t\t\t\t\t\t\t\t<p>Estaremos encantados de responder a sus preguntas.<br \/> y que pueda empezar a trabajar con Extrimian. D\u00e9jenos saber<br \/> c\u00f3mo podemos ayudarle.<\/p>\n\t\t\t\t\t\t\t\t<\/div>\n\t\t\t\t<\/div>\n\t\t\t\t<div class=\"elementor-element elementor-element-4a9786c elementor-icon-list--layout-traditional elementor-list-item-link-full_width elementor-widget elementor-widget-icon-list\" data-id=\"4a9786c\" data-element_type=\"widget\" data-widget_type=\"icon-list.default\">\n\t\t\t\t<div class=\"elementor-widget-container\">\n\t\t\t\t\t\t\t<ul class=\"elementor-icon-list-items\">\n\t\t\t\t\t\t\t<li class=\"elementor-icon-list-item\">\n\t\t\t\t\t\t\t\t\t\t\t<span class=\"elementor-icon-list-icon\">\n\t\t\t\t\t\t\t<svg aria-hidden=\"true\" class=\"e-font-icon-svg e-fas-desktop\" viewBox=\"0 0 576 512\" xmlns=\"http:\/\/www.w3.org\/2000\/svg\"><path d=\"M528 0H48C21.5 0 0 21.5 0 48v320c0 26.5 21.5 48 48 48h192l-16 48h-72c-13.3 0-24 10.7-24 24s10.7 24 24 24h272c13.3 0 24-10.7 24-24s-10.7-24-24-24h-72l-16-48h192c26.5 0 48-21.5 48-48V48c0-26.5-21.5-48-48-48zm-16 352H64V64h448v288z\"><\/path><\/svg>\t\t\t\t\t\t<\/span>\n\t\t\t\t\t\t\t\t\t\t<span class=\"elementor-icon-list-text\">Solicitar una demo<\/span>\n\t\t\t\t\t\t\t\t\t<\/li>\n\t\t\t\t\t\t\t\t<li class=\"elementor-icon-list-item\">\n\t\t\t\t\t\t\t\t\t\t\t<span class=\"elementor-icon-list-icon\">\n\t\t\t\t\t\t\t<svg aria-hidden=\"true\" class=\"e-font-icon-svg e-fas-search\" viewBox=\"0 0 512 512\" xmlns=\"http:\/\/www.w3.org\/2000\/svg\"><path d=\"M505 442.7L405.3 343c-4.5-4.5-10.6-7-17-7H372c27.6-35.3 44-79.7 44-128C416 93.1 322.9 0 208 0S0 93.1 0 208s93.1 208 208 208c48.3 0 92.7-16.4 128-44v16.3c0 6.4 2.5 12.5 7 17l99.7 99.7c9.4 9.4 24.6 9.4 33.9 0l28.3-28.3c9.4-9.4 9.4-24.6.1-34zM208 336c-70.7 0-128-57.2-128-128 0-70.7 57.2-128 128-128 70.7 0 128 57.2 128 128 0 70.7-57.2 128-128 128z\"><\/path><\/svg>\t\t\t\t\t\t<\/span>\n\t\t\t\t\t\t\t\t\t\t<span class=\"elementor-icon-list-text\">Explore casos de uso para su organizaci\u00f3n<\/span>\n\t\t\t\t\t\t\t\t\t<\/li>\n\t\t\t\t\t\t\t\t<li class=\"elementor-icon-list-item\">\n\t\t\t\t\t\t\t\t\t\t\t<span class=\"elementor-icon-list-icon\">\n\t\t\t\t\t\t\t<svg aria-hidden=\"true\" class=\"e-font-icon-svg e-fas-puzzle-piece\" viewBox=\"0 0 576 512\" xmlns=\"http:\/\/www.w3.org\/2000\/svg\"><path d=\"M519.442 288.651c-41.519 0-59.5 31.593-82.058 31.593C377.409 320.244 432 144 432 144s-196.288 80-196.288-3.297c0-35.827 36.288-46.25 36.288-85.985C272 19.216 243.885 0 210.539 0c-34.654 0-66.366 18.891-66.366 56.346 0 41.364 31.711 59.277 31.711 81.75C175.885 207.719 0 166.758 0 166.758v333.237s178.635 41.047 178.635-28.662c0-22.473-40-40.107-40-81.471 0-37.456 29.25-56.346 63.577-56.346 33.673 0 61.788 19.216 61.788 54.717 0 39.735-36.288 50.158-36.288 85.985 0 60.803 129.675 25.73 181.23 25.73 0 0-34.725-120.101 25.827-120.101 35.962 0 46.423 36.152 86.308 36.152C556.712 416 576 387.99 576 354.443c0-34.199-18.962-65.792-56.558-65.792z\"><\/path><\/svg>\t\t\t\t\t\t<\/span>\n\t\t\t\t\t\t\t\t\t\t<span class=\"elementor-icon-list-text\">Explore nuestro programa de partners<\/span>\n\t\t\t\t\t\t\t\t\t<\/li>\n\t\t\t\t\t\t\t\t<li class=\"elementor-icon-list-item\">\n\t\t\t\t\t\t\t\t\t\t\t<span class=\"elementor-icon-list-icon\">\n\t\t\t\t\t\t\t<svg aria-hidden=\"true\" class=\"e-font-icon-svg e-fas-photo-video\" viewBox=\"0 0 640 512\" xmlns=\"http:\/\/www.w3.org\/2000\/svg\"><path d=\"M608 0H160a32 32 0 0 0-32 32v96h160V64h192v320h128a32 32 0 0 0 32-32V32a32 32 0 0 0-32-32zM232 103a9 9 0 0 1-9 9h-30a9 9 0 0 1-9-9V73a9 9 0 0 1 9-9h30a9 9 0 0 1 9 9zm352 208a9 9 0 0 1-9 9h-30a9 9 0 0 1-9-9v-30a9 9 0 0 1 9-9h30a9 9 0 0 1 9 9zm0-104a9 9 0 0 1-9 9h-30a9 9 0 0 1-9-9v-30a9 9 0 0 1 9-9h30a9 9 0 0 1 9 9zm0-104a9 9 0 0 1-9 9h-30a9 9 0 0 1-9-9V73a9 9 0 0 1 9-9h30a9 9 0 0 1 9 9zm-168 57H32a32 32 0 0 0-32 32v288a32 32 0 0 0 32 32h384a32 32 0 0 0 32-32V192a32 32 0 0 0-32-32zM96 224a32 32 0 1 1-32 32 32 32 0 0 1 32-32zm288 224H64v-32l64-64 32 32 128-128 96 96z\"><\/path><\/svg>\t\t\t\t\t\t<\/span>\n\t\t\t\t\t\t\t\t\t\t<span class=\"elementor-icon-list-text\">Medios de comunicaci\u00f3n u otras oportunidades<\/span>\n\t\t\t\t\t\t\t\t\t<\/li>\n\t\t\t\t\t\t<\/ul>\n\t\t\t\t\t\t<\/div>\n\t\t\t\t<\/div>\n\t\t\t\t<div class=\"elementor-element elementor-element-159616e e-grid-align-left elementor-shape-rounded elementor-grid-0 elementor-widget elementor-widget-social-icons\" data-id=\"159616e\" data-element_type=\"widget\" data-widget_type=\"social-icons.default\">\n\t\t\t\t<div class=\"elementor-widget-container\">\n\t\t\t\t\t\t\t<div class=\"elementor-social-icons-wrapper elementor-grid\" role=\"list\">\n\t\t\t\t\t\t\t<span class=\"elementor-grid-item\" role=\"listitem\">\n\t\t\t\t\t<a class=\"elementor-icon elementor-social-icon elementor-social-icon-twitter elementor-repeater-item-ef59804\" href=\"https:\/\/twitter.com\/Extrimian\" target=\"_blank\">\n\t\t\t\t\t\t<span class=\"elementor-screen-only\">Twitter<\/span>\n\t\t\t\t\t\t<svg aria-hidden=\"true\" class=\"e-font-icon-svg e-fab-twitter\" viewBox=\"0 0 512 512\" xmlns=\"http:\/\/www.w3.org\/2000\/svg\"><path d=\"M459.37 151.716c.325 4.548.325 9.097.325 13.645 0 138.72-105.583 298.558-298.558 298.558-59.452 0-114.68-17.219-161.137-47.106 8.447.974 16.568 1.299 25.34 1.299 49.055 0 94.213-16.568 130.274-44.832-46.132-.975-84.792-31.188-98.112-72.772 6.498.974 12.995 1.624 19.818 1.624 9.421 0 18.843-1.3 27.614-3.573-48.081-9.747-84.143-51.98-84.143-102.985v-1.299c13.969 7.797 30.214 12.67 47.431 13.319-28.264-18.843-46.781-51.005-46.781-87.391 0-19.492 5.197-37.36 14.294-52.954 51.655 63.675 129.3 105.258 216.365 109.807-1.624-7.797-2.599-15.918-2.599-24.04 0-57.828 46.782-104.934 104.934-104.934 30.213 0 57.502 12.67 76.67 33.137 23.715-4.548 46.456-13.32 66.599-25.34-7.798 24.366-24.366 44.833-46.132 57.827 21.117-2.273 41.584-8.122 60.426-16.243-14.292 20.791-32.161 39.308-52.628 54.253z\"><\/path><\/svg>\t\t\t\t\t<\/a>\n\t\t\t\t<\/span>\n\t\t\t\t\t\t\t<span class=\"elementor-grid-item\" role=\"listitem\">\n\t\t\t\t\t<a class=\"elementor-icon elementor-social-icon elementor-social-icon-linkedin elementor-repeater-item-1ac0ffb\" href=\"https:\/\/www.linkedin.com\/company\/extrimian\/\" target=\"_blank\">\n\t\t\t\t\t\t<span class=\"elementor-screen-only\">Linkedin<\/span>\n\t\t\t\t\t\t<svg aria-hidden=\"true\" class=\"e-font-icon-svg e-fab-linkedin\" viewBox=\"0 0 448 512\" xmlns=\"http:\/\/www.w3.org\/2000\/svg\"><path d=\"M416 32H31.9C14.3 32 0 46.5 0 64.3v383.4C0 465.5 14.3 480 31.9 480H416c17.6 0 32-14.5 32-32.3V64.3c0-17.8-14.4-32.3-32-32.3zM135.4 416H69V202.2h66.5V416zm-33.2-243c-21.3 0-38.5-17.3-38.5-38.5S80.9 96 102.2 96c21.2 0 38.5 17.3 38.5 38.5 0 21.3-17.2 38.5-38.5 38.5zm282.1 243h-66.4V312c0-24.8-.5-56.7-34.5-56.7-34.6 0-39.9 27-39.9 54.9V416h-66.4V202.2h63.7v29.2h.9c8.9-16.8 30.6-34.5 62.9-34.5 67.2 0 79.7 44.3 79.7 101.9V416z\"><\/path><\/svg>\t\t\t\t\t<\/a>\n\t\t\t\t<\/span>\n\t\t\t\t\t\t\t<span class=\"elementor-grid-item\" role=\"listitem\">\n\t\t\t\t\t<a class=\"elementor-icon elementor-social-icon elementor-social-icon-telegram elementor-repeater-item-8bc3b26\" target=\"_blank\">\n\t\t\t\t\t\t<span class=\"elementor-screen-only\">Telegram<\/span>\n\t\t\t\t\t\t<svg aria-hidden=\"true\" class=\"e-font-icon-svg e-fab-telegram\" viewBox=\"0 0 496 512\" xmlns=\"http:\/\/www.w3.org\/2000\/svg\"><path d=\"M248 8C111 8 0 119 0 256s111 248 248 248 248-111 248-248S385 8 248 8zm121.8 169.9l-40.7 191.8c-3 13.6-11.1 16.9-22.4 10.5l-62-45.7-29.9 28.8c-3.3 3.3-6.1 6.1-12.5 6.1l4.4-63.1 114.9-103.8c5-4.4-1.1-6.9-7.7-2.5l-142 89.4-61.2-19.1c-13.3-4.2-13.6-13.3 2.8-19.7l239.1-92.2c11.1-4 20.8 2.7 17.2 19.5z\"><\/path><\/svg>\t\t\t\t\t<\/a>\n\t\t\t\t<\/span>\n\t\t\t\t\t\t\t<span class=\"elementor-grid-item\" role=\"listitem\">\n\t\t\t\t\t<a class=\"elementor-icon elementor-social-icon elementor-social-icon-discord elementor-repeater-item-59f809e\" href=\"https:\/\/discord.gg\/9TpRAXBJ\" target=\"_blank\">\n\t\t\t\t\t\t<span class=\"elementor-screen-only\">Discord<\/span>\n\t\t\t\t\t\t<svg aria-hidden=\"true\" class=\"e-font-icon-svg e-fab-discord\" viewBox=\"0 0 448 512\" xmlns=\"http:\/\/www.w3.org\/2000\/svg\"><path d=\"M297.216 243.2c0 15.616-11.52 28.416-26.112 28.416-14.336 0-26.112-12.8-26.112-28.416s11.52-28.416 26.112-28.416c14.592 0 26.112 12.8 26.112 28.416zm-119.552-28.416c-14.592 0-26.112 12.8-26.112 28.416s11.776 28.416 26.112 28.416c14.592 0 26.112-12.8 26.112-28.416.256-15.616-11.52-28.416-26.112-28.416zM448 52.736V512c-64.494-56.994-43.868-38.128-118.784-107.776l13.568 47.36H52.48C23.552 451.584 0 428.032 0 398.848V52.736C0 23.552 23.552 0 52.48 0h343.04C424.448 0 448 23.552 448 52.736zm-72.96 242.688c0-82.432-36.864-149.248-36.864-149.248-36.864-27.648-71.936-26.88-71.936-26.88l-3.584 4.096c43.52 13.312 63.744 32.512 63.744 32.512-60.811-33.329-132.244-33.335-191.232-7.424-9.472 4.352-15.104 7.424-15.104 7.424s21.248-20.224 67.328-33.536l-2.56-3.072s-35.072-.768-71.936 26.88c0 0-36.864 66.816-36.864 149.248 0 0 21.504 37.12 78.08 38.912 0 0 9.472-11.52 17.152-21.248-32.512-9.728-44.8-30.208-44.8-30.208 3.766 2.636 9.976 6.053 10.496 6.4 43.21 24.198 104.588 32.126 159.744 8.96 8.96-3.328 18.944-8.192 29.44-15.104 0 0-12.8 20.992-46.336 30.464 7.68 9.728 16.896 20.736 16.896 20.736 56.576-1.792 78.336-38.912 78.336-38.912z\"><\/path><\/svg>\t\t\t\t\t<\/a>\n\t\t\t\t<\/span>\n\t\t\t\t\t<\/div>\n\t\t\t\t\t\t<\/div>\n\t\t\t\t<\/div>\n\t\t\t\t\t<\/div>\n\t\t\t\t<\/div>\n\t\t<div class=\"elementor-element elementor-element-78022a4 e-con-full e-flex e-con e-child\" data-id=\"78022a4\" data-element_type=\"container\">\n\t\t\t\t<div class=\"elementor-element elementor-element-fe88d31 elementor-widget__width-inherit elementor-widget elementor-widget-shortcode\" data-id=\"fe88d31\" data-element_type=\"widget\" data-widget_type=\"shortcode.default\">\n\t\t\t\t<div class=\"elementor-widget-container\">\n\t\t\t\t\t\t\t<div class=\"elementor-shortcode\">\n<div class=\"wpcf7 no-js\" id=\"wpcf7-f146-o1\" lang=\"en-US\" dir=\"ltr\" data-wpcf7-id=\"146\">\n<div class=\"screen-reader-response\"><p role=\"status\" aria-live=\"polite\" aria-atomic=\"true\"><\/p> <ul><\/ul><\/div>\n<form action=\"\/es\/wp-json\/wp\/v2\/pages\/5419#wpcf7-f146-o1\" method=\"post\" class=\"wpcf7-form init\" aria-label=\"Contact form\" novalidate=\"novalidate\" data-status=\"init\">\n<fieldset class=\"hidden-fields-container\"><input type=\"hidden\" name=\"_wpcf7\" value=\"146\" \/><input type=\"hidden\" name=\"_wpcf7_version\" value=\"6.1.3\" \/><input type=\"hidden\" name=\"_wpcf7_locale\" value=\"en_US\" \/><input type=\"hidden\" name=\"_wpcf7_unit_tag\" value=\"wpcf7-f146-o1\" \/><input type=\"hidden\" name=\"_wpcf7_container_post\" value=\"0\" \/><input type=\"hidden\" name=\"_wpcf7_posted_data_hash\" value=\"\" \/>\n<\/fieldset>\n<p><label><span class=\"wpcf7-form-control-wrap\" data-name=\"subject\"><select class=\"wpcf7-form-control wpcf7-select wpcf7-validates-as-required\" aria-required=\"true\" aria-invalid=\"false\" name=\"subject\"><option value=\"\">&#8212;Please choose an option&#8212;<\/option><option value=\"ID Connect\">ID Connect<\/option><option value=\"Extrimian Academy\">Extrimian Academy<\/option><option value=\"Partners program\">Partners program<\/option><option value=\"Invest on Extrimian\">Invest on Extrimian<\/option><option value=\"More info about products\">More info about products<\/option><option value=\"Use cases\">Use cases<\/option><option value=\"Other\">Other<\/option><\/select><\/span> <\/label>\n<\/p>\n<p><label> <span class=\"wpcf7-form-control-wrap\" data-name=\"your-name\"><input size=\"40\" maxlength=\"400\" class=\"wpcf7-form-control wpcf7-text wpcf7-validates-as-required\" autocomplete=\"name\" aria-required=\"true\" aria-invalid=\"false\" placeholder=\"Name\" value=\"\" type=\"text\" name=\"your-name\" \/><\/span> <\/label>\n<\/p>\n<p><label> <span class=\"wpcf7-form-control-wrap\" data-name=\"your-company\"><input size=\"40\" maxlength=\"400\" class=\"wpcf7-form-control wpcf7-text\" aria-invalid=\"false\" placeholder=\"Company\" value=\"\" type=\"text\" name=\"your-company\" \/><\/span> <\/label>\n<\/p>\n<p><label> <span class=\"wpcf7-form-control-wrap\" data-name=\"your-email\"><input size=\"40\" maxlength=\"400\" class=\"wpcf7-form-control wpcf7-email wpcf7-validates-as-required wpcf7-text wpcf7-validates-as-email\" autocomplete=\"email\" aria-required=\"true\" aria-invalid=\"false\" placeholder=\"Email\" value=\"\" type=\"email\" name=\"your-email\" \/><\/span> <\/label>\n<\/p>\n<p><label> <span class=\"wpcf7-form-control-wrap\" data-name=\"phone\"><input size=\"40\" maxlength=\"400\" class=\"wpcf7-form-control wpcf7-tel wpcf7-text wpcf7-validates-as-tel\" aria-invalid=\"false\" placeholder=\"Phone\" value=\"\" type=\"tel\" name=\"phone\" \/><\/span> <\/label>\n<\/p>\n<p><label> <span class=\"wpcf7-form-control-wrap\" data-name=\"your-message\"><textarea cols=\"40\" rows=\"10\" maxlength=\"2000\" class=\"wpcf7-form-control wpcf7-textarea\" aria-invalid=\"false\" placeholder=\"Message\" name=\"your-message\"><\/textarea><\/span> <\/label>\n<\/p>\n<p><input class=\"wpcf7-form-control wpcf7-submit has-spinner\" type=\"submit\" value=\"Send\" \/>\n<\/p><p style=\"display: none !important;\" class=\"akismet-fields-container\" data-prefix=\"_wpcf7_ak_\"><label>&#916;<textarea name=\"_wpcf7_ak_hp_textarea\" cols=\"45\" rows=\"8\" maxlength=\"100\"><\/textarea><\/label><input type=\"hidden\" id=\"ak_js_1\" name=\"_wpcf7_ak_js\" value=\"90\"\/><script>document.getElementById( \"ak_js_1\" ).setAttribute( \"value\", ( new Date() ).getTime() );<\/script><\/p><div class=\"wpcf7-response-output\" aria-hidden=\"true\"><\/div>\n<\/form>\n<\/div>\n<\/div>\n\t\t\t\t\t\t<\/div>\n\t\t\t\t<\/div>\n\t\t\t\t<\/div>\n\t\t\t\t<\/div>\n\t\t\t\t<\/div>\n\t\t\t\t\t<\/div>\n\t\t\t\t<\/div>\n\t\t\t\t<\/div>\n\t\t","protected":false},"excerpt":{"rendered":"<p>Cont\u00e1ctenos Estaremos encantados de responder a sus preguntas. y que pueda empezar a trabajar con Extrimian. D\u00e9jenos saber c\u00f3mo podemos ayudarle. Solicitar una demo Explore casos de uso para su organizaci\u00f3n Explore nuestro programa de partners Medios de comunicaci\u00f3n u otras oportunidades Twitter Linkedin Telegram Discord<\/p>\n","protected":false},"author":1,"featured_media":0,"parent":0,"menu_order":0,"comment_status":"closed","ping_status":"closed","template":"","meta":{"_acf_changed":false,"footnotes":""},"class_list":["post-5419","page","type-page","status-publish","hentry"],"acf":[],"aioseo_notices":[],"_links":{"self":[{"href":"https:\/\/extrimian.io\/es\/wp-json\/wp\/v2\/pages\/5419","targetHints":{"allow":["GET"]}}],"collection":[{"href":"https:\/\/extrimian.io\/es\/wp-json\/wp\/v2\/pages"}],"about":[{"href":"https:\/\/extrimian.io\/es\/wp-json\/wp\/v2\/types\/page"}],"author":[{"embeddable":true,"href":"https:\/\/extrimian.io\/es\/wp-json\/wp\/v2\/users\/1"}],"replies":[{"embeddable":true,"href":"https:\/\/extrimian.io\/es\/wp-json\/wp\/v2\/comments?post=5419"}],"version-history":[{"count":0,"href":"https:\/\/extrimian.io\/es\/wp-json\/wp\/v2\/pages\/5419\/revisions"}],"wp:attachment":[{"href":"https:\/\/extrimian.io\/es\/wp-json\/wp\/v2\/media?parent=5419"}],"curies":[{"name":"wp","href":"https:\/\/api.w.org\/{rel}","templated":true}]}}